{"id":643,"date":"2021-09-07T11:13:56","date_gmt":"2021-09-07T11:13:56","guid":{"rendered":"https:\/\/grafigaleria.al\/rreth-nesh\/"},"modified":"2021-09-13T21:00:35","modified_gmt":"2021-09-13T21:00:35","slug":"rreth-nesh","status":"publish","type":"page","link":"https:\/\/grafigaleria.al\/en\/rreth-nesh\/","title":{"rendered":"About us"},"content":{"rendered":"\t\t<div data-elementor-type=\"wp-page\" data-elementor-id=\"643\" class=\"elementor elementor-643\">\n\t\t\t\t\t\t<section class=\"elementor-section elementor-top-section elementor-element elementor-element-307597d3 elementor-section-boxed elementor-section-height-default elementor-section-height-default\" data-id=\"307597d3\" data-element_type=\"section\" data-settings=\"{&quot;background_background&quot;:&quot;classic&quot;}\">\n\t\t\t\t\t\t\t<div class=\"elementor-background-overlay\"><\/div>\n\t\t\t\t\t\t\t<div class=\"elementor-container elementor-column-gap-default\">\n\t\t\t\t\t<div class=\"elementor-column elementor-col-100 elementor-top-column elementor-element elementor-element-659c88c6\" data-id=\"659c88c6\" data-element_type=\"column\">\n\t\t\t<div class=\"elementor-widget-wrap elementor-element-populated\">\n\t\t\t\t\t\t<div class=\"elementor-element elementor-element-10ee5fed elementor-widget elementor-widget-heading\" data-id=\"10ee5fed\" data-element_type=\"widget\" data-widget_type=\"heading.default\">\n\t\t\t\t<div class=\"elementor-widget-container\">\n\t\t\t<h2 class=\"elementor-heading-title elementor-size-default\">About us<\/h2>\t\t<\/div>\n\t\t\t\t<\/div>\n\t\t\t\t\t<\/div>\n\t\t<\/div>\n\t\t\t\t\t<\/div>\n\t\t<\/section>\n\t\t\t\t<section class=\"elementor-section elementor-top-section elementor-element elementor-element-35f33c0f elementor-section-content-middle elementor-section-boxed elementor-section-height-default elementor-section-height-default\" data-id=\"35f33c0f\" data-element_type=\"section\">\n\t\t\t\t\t\t<div class=\"elementor-container elementor-column-gap-default\">\n\t\t\t\t\t<div class=\"elementor-column elementor-col-33 elementor-top-column elementor-element elementor-element-11d1097a\" data-id=\"11d1097a\" data-element_type=\"column\">\n\t\t\t<div class=\"elementor-widget-wrap elementor-element-populated\">\n\t\t\t\t\t\t<div class=\"elementor-element elementor-element-6199e92b elementor-widget elementor-widget-image\" data-id=\"6199e92b\" data-element_type=\"widget\" data-widget_type=\"image.default\">\n\t\t\t\t<div class=\"elementor-widget-container\">\n\t\t\t\t\t\t\t\t\t\t\t\t\t<img decoding=\"async\" src=\"https:\/\/grafigaleria.al\/wp-content\/uploads\/elementor\/thumbs\/IMG_3010-pcvsaiul62wi8lbp7ky43btsbl3jt2awl7mczegp34.jpg\" title=\"IMG_3010\" alt=\"Grafi Dentare Skaner 3D GALERIA operon ne treg q\u00eb nga viti 2015, te par\u00ebt q\u00eb soll\u00ebm teknonogjin\u00eb e fundit te Skaner CBCT, Grafi Dentare Tirane\" loading=\"lazy\" \/>\t\t\t\t\t\t\t\t\t\t\t\t\t<\/div>\n\t\t\t\t<\/div>\n\t\t\t\t\t<\/div>\n\t\t<\/div>\n\t\t\t\t<div class=\"elementor-column elementor-col-33 elementor-top-column elementor-element elementor-element-c3e978d\" data-id=\"c3e978d\" data-element_type=\"column\">\n\t\t\t<div class=\"elementor-widget-wrap elementor-element-populated\">\n\t\t\t\t\t\t<div class=\"elementor-element elementor-element-7e874892 elementor-widget elementor-widget-heading\" data-id=\"7e874892\" data-element_type=\"widget\" data-widget_type=\"heading.default\">\n\t\t\t\t<div class=\"elementor-widget-container\">\n\t\t\t<h2 class=\"elementor-heading-title elementor-size-default\">Grafi Dentare Skaner 3D GALERIA<\/h2>\t\t<\/div>\n\t\t\t\t<\/div>\n\t\t\t\t<div class=\"elementor-element elementor-element-691ed000 elementor-widget elementor-widget-text-editor\" data-id=\"691ed000\" data-element_type=\"widget\" data-widget_type=\"text-editor.default\">\n\t\t\t\t<div class=\"elementor-widget-container\">\n\t\t\t\t\t\t\t<p>Dental X-ray 3D Scanner GALERIA has been on the market since 2015.<\/p>\t\t\t\t\t\t<\/div>\n\t\t\t\t<\/div>\n\t\t\t\t<div class=\"elementor-element elementor-element-97e77cd elementor-icon-list--layout-traditional elementor-list-item-link-full_width elementor-widget elementor-widget-icon-list\" data-id=\"97e77cd\" data-element_type=\"widget\" data-widget_type=\"icon-list.default\">\n\t\t\t\t<div class=\"elementor-widget-container\">\n\t\t\t\t\t<ul class=\"elementor-icon-list-items\">\n\t\t\t\t\t\t\t<li class=\"elementor-icon-list-item\">\n\t\t\t\t\t\t\t\t\t\t\t<span class=\"elementor-icon-list-icon\">\n\t\t\t\t\t\t\t<i aria-hidden=\"true\" class=\"fas fa-check-circle\"><\/i>\t\t\t\t\t\t<\/span>\n\t\t\t\t\t\t\t\t\t\t<span class=\"elementor-icon-list-text\">We are the first to bring the latest CBCT technology, which operates with the highest quality and minimum radiation time to rays<\/span>\n\t\t\t\t\t\t\t\t\t<\/li>\n\t\t\t\t\t\t\t\t<li class=\"elementor-icon-list-item\">\n\t\t\t\t\t\t\t\t\t\t\t<span class=\"elementor-icon-list-icon\">\n\t\t\t\t\t\t\t<i aria-hidden=\"true\" class=\"fas fa-check-circle\"><\/i>\t\t\t\t\t\t<\/span>\n\t\t\t\t\t\t\t\t\t\t<span class=\"elementor-icon-list-text\">We have the most complete OMF Scanner in dimensions 17 * 13.5 cm, Sectional Scanner 5 * 5 cm (sectional) without touching the image.   Mandible\/Maxilla scanner.<\/span>\n\t\t\t\t\t\t\t\t\t<\/li>\n\t\t\t\t\t\t\t\t<li class=\"elementor-icon-list-item\">\n\t\t\t\t\t\t\t\t\t\t\t<span class=\"elementor-icon-list-icon\">\n\t\t\t\t\t\t\t<i aria-hidden=\"true\" class=\"fas fa-check-circle\"><\/i>\t\t\t\t\t\t<\/span>\n\t\t\t\t\t\t\t\t\t\t<span class=\"elementor-icon-list-text\">The examinations are given to you in printed format films and CDs, and can be sent to you and your doctor in real time.<\/span>\n\t\t\t\t\t\t\t\t\t<\/li>\n\t\t\t\t\t\t\t\t<li class=\"elementor-icon-list-item\">\n\t\t\t\t\t\t\t\t\t\t\t<span class=\"elementor-icon-list-icon\">\n\t\t\t\t\t\t\t<i aria-hidden=\"true\" class=\"fas fa-check-circle\"><\/i>\t\t\t\t\t\t<\/span>\n\t\t\t\t\t\t\t\t\t\t<span class=\"elementor-icon-list-text\">Every examination done with us is stored for up to 5 years.<\/span>\n\t\t\t\t\t\t\t\t\t<\/li>\n\t\t\t\t\t\t<\/ul>\n\t\t\t\t<\/div>\n\t\t\t\t<\/div>\n\t\t\t\t\t<\/div>\n\t\t<\/div>\n\t\t\t\t<div class=\"elementor-column elementor-col-33 elementor-top-column elementor-element elementor-element-40c0b08\" data-id=\"40c0b08\" data-element_type=\"column\">\n\t\t\t<div class=\"elementor-widget-wrap elementor-element-populated\">\n\t\t\t\t\t\t<div class=\"elementor-element elementor-element-85e43bf elementor-widget elementor-widget-image\" data-id=\"85e43bf\" data-element_type=\"widget\" data-widget_type=\"image.default\">\n\t\t\t\t<div class=\"elementor-widget-container\">\n\t\t\t\t\t\t\t\t\t\t\t\t\t<img decoding=\"async\" src=\"https:\/\/grafigaleria.al\/wp-content\/uploads\/elementor\/thumbs\/foto1-1-pcu2f4mq3drm9sqnms0hjejg97n7prp6cmosyh1log.jpg\" title=\"Revealing shot of empty stomatology orthodontic office with teet\" alt=\"Grafi Dentare Skaner 3D GALERIA operon ne treg q\u00eb nga viti 2015, te par\u00ebt q\u00eb soll\u00ebm teknonogjin\u00eb e fundit te Skaner CBCT, Grafi Dentare Tirane\" loading=\"lazy\" \/>\t\t\t\t\t\t\t\t\t\t\t\t\t<\/div>\n\t\t\t\t<\/div>\n\t\t\t\t\t<\/div>\n\t\t<\/div>\n\t\t\t\t\t<\/div>\n\t\t<\/section>\n\t\t\t\t<section class=\"elementor-section elementor-top-section elementor-element elementor-element-24ad74e8 elementor-section-content-middle elementor-section-boxed elementor-section-height-default elementor-section-height-default\" data-id=\"24ad74e8\" data-element_type=\"section\">\n\t\t\t\t\t\t<div class=\"elementor-container elementor-column-gap-default\">\n\t\t\t\t\t<div class=\"elementor-column elementor-col-50 elementor-top-column elementor-element elementor-element-436dfd6a\" data-id=\"436dfd6a\" data-element_type=\"column\">\n\t\t\t<div class=\"elementor-widget-wrap elementor-element-populated\">\n\t\t\t\t\t\t<div class=\"elementor-element elementor-element-7302e7ac elementor-widget elementor-widget-heading\" data-id=\"7302e7ac\" data-element_type=\"widget\" data-widget_type=\"heading.default\">\n\t\t\t\t<div class=\"elementor-widget-container\">\n\t\t\t<h2 class=\"elementor-heading-title elementor-size-default\">We take maximum care of our patients <\/h2>\t\t<\/div>\n\t\t\t\t<\/div>\n\t\t\t\t<div class=\"elementor-element elementor-element-9e31ff5 elementor-widget elementor-widget-image\" data-id=\"9e31ff5\" data-element_type=\"widget\" data-widget_type=\"image.default\">\n\t\t\t\t<div class=\"elementor-widget-container\">\n\t\t\t\t\t\t\t\t\t\t\t\t\t<img fetchpriority=\"high\" decoding=\"async\" width=\"500\" height=\"513\" src=\"https:\/\/grafigaleria.al\/wp-content\/uploads\/2021\/09\/x-ray-protection-1.jpg\" class=\"attachment-full size-full wp-image-589\" alt=\"Grafi Dentare Skaner 3D GALERIA operon ne treg q\u00eb nga viti 2015, te par\u00ebt q\u00eb soll\u00ebm teknonogjin\u00eb e fundit te Skaner CBCT, Grafi Dentare Tirane\" srcset=\"https:\/\/grafigaleria.al\/wp-content\/uploads\/2021\/09\/x-ray-protection-1.jpg 500w, https:\/\/grafigaleria.al\/wp-content\/uploads\/2021\/09\/x-ray-protection-1-292x300.jpg 292w\" sizes=\"(max-width: 500px) 100vw, 500px\" \/>\t\t\t\t\t\t\t\t\t\t\t\t\t<\/div>\n\t\t\t\t<\/div>\n\t\t\t\t<div class=\"elementor-element elementor-element-2e105f87 elementor-widget__width-auto elementor-absolute elementor-view-default elementor-widget elementor-widget-icon\" data-id=\"2e105f87\" data-element_type=\"widget\" data-settings=\"{&quot;_position&quot;:&quot;absolute&quot;}\" data-widget_type=\"icon.default\">\n\t\t\t\t<div class=\"elementor-widget-container\">\n\t\t\t\t\t<div class=\"elementor-icon-wrapper\">\n\t\t\t<div class=\"elementor-icon\">\n\t\t\t<i aria-hidden=\"true\" class=\"jki jki-quote-light\"><\/i>\t\t\t<\/div>\n\t\t<\/div>\n\t\t\t\t<\/div>\n\t\t\t\t<\/div>\n\t\t\t\t\t<\/div>\n\t\t<\/div>\n\t\t\t\t<div class=\"elementor-column elementor-col-50 elementor-top-column elementor-element elementor-element-6df9631a\" data-id=\"6df9631a\" data-element_type=\"column\">\n\t\t\t<div class=\"elementor-widget-wrap elementor-element-populated\">\n\t\t\t\t\t\t<div class=\"elementor-element elementor-element-dccf518 elementor-widget elementor-widget-heading\" data-id=\"dccf518\" data-element_type=\"widget\" data-widget_type=\"heading.default\">\n\t\t\t\t<div class=\"elementor-widget-container\">\n\t\t\t<h3 class=\"elementor-heading-title elementor-size-default\">THYROID HORMONE FUNCTION<\/h3>\t\t<\/div>\n\t\t\t\t<\/div>\n\t\t\t\t<div class=\"elementor-element elementor-element-6ab1768 elementor-widget elementor-widget-heading\" data-id=\"6ab1768\" data-element_type=\"widget\" data-widget_type=\"heading.default\">\n\t\t\t\t<div class=\"elementor-widget-container\">\n\t\t\t<h4 class=\"elementor-heading-title elementor-size-default\">The importance of protecting the Thyroid Glands from X-rays\n<\/h4>\t\t<\/div>\n\t\t\t\t<\/div>\n\t\t\t\t<div class=\"elementor-element elementor-element-254864b elementor-icon-list--layout-traditional elementor-list-item-link-full_width elementor-widget elementor-widget-icon-list\" data-id=\"254864b\" data-element_type=\"widget\" data-widget_type=\"icon-list.default\">\n\t\t\t\t<div class=\"elementor-widget-container\">\n\t\t\t\t\t<ul class=\"elementor-icon-list-items\">\n\t\t\t\t\t\t\t<li class=\"elementor-icon-list-item\">\n\t\t\t\t\t\t\t\t\t\t\t<span class=\"elementor-icon-list-icon\">\n\t\t\t\t\t\t\t<i aria-hidden=\"true\" class=\"fas fa-check-circle\"><\/i>\t\t\t\t\t\t<\/span>\n\t\t\t\t\t\t\t\t\t\t<span class=\"elementor-icon-list-text\">Regulate fetal and infant brain development<\/span>\n\t\t\t\t\t\t\t\t\t<\/li>\n\t\t\t\t\t\t\t\t<li class=\"elementor-icon-list-item\">\n\t\t\t\t\t\t\t\t\t\t\t<span class=\"elementor-icon-list-icon\">\n\t\t\t\t\t\t\t<i aria-hidden=\"true\" class=\"fas fa-check-circle\"><\/i>\t\t\t\t\t\t<\/span>\n\t\t\t\t\t\t\t\t\t\t<span class=\"elementor-icon-list-text\">Needed for fetal skeletal development<\/span>\n\t\t\t\t\t\t\t\t\t<\/li>\n\t\t\t\t\t\t\t\t<li class=\"elementor-icon-list-item\">\n\t\t\t\t\t\t\t\t\t\t\t<span class=\"elementor-icon-list-icon\">\n\t\t\t\t\t\t\t<i aria-hidden=\"true\" class=\"fas fa-check-circle\"><\/i>\t\t\t\t\t\t<\/span>\n\t\t\t\t\t\t\t\t\t\t<span class=\"elementor-icon-list-text\">They are essential for the normal growth of the child's body and for the maturation of various systems and organs, especially skeletal<\/span>\n\t\t\t\t\t\t\t\t\t<\/li>\n\t\t\t\t\t\t\t\t<li class=\"elementor-icon-list-item\">\n\t\t\t\t\t\t\t\t\t\t\t<span class=\"elementor-icon-list-icon\">\n\t\t\t\t\t\t\t<i aria-hidden=\"true\" class=\"fas fa-check-circle\"><\/i>\t\t\t\t\t\t<\/span>\n\t\t\t\t\t\t\t\t\t\t<span class=\"elementor-icon-list-text\">They regulate the activity of metabolism and affect the function of each organ and tissue,  especially in adults.<\/span>\n\t\t\t\t\t\t\t\t\t<\/li>\n\t\t\t\t\t\t\t\t<li class=\"elementor-icon-list-item\">\n\t\t\t\t\t\t\t\t\t\t\t<span class=\"elementor-icon-list-icon\">\n\t\t\t\t\t\t\t<i aria-hidden=\"true\" class=\"fas fa-check-circle\"><\/i>\t\t\t\t\t\t<\/span>\n\t\t\t\t\t\t\t\t\t\t<span class=\"elementor-icon-list-text\">They have thermological action<\/span>\n\t\t\t\t\t\t\t\t\t<\/li>\n\t\t\t\t\t\t\t\t<li class=\"elementor-icon-list-item\">\n\t\t\t\t\t\t\t\t\t\t\t<span class=\"elementor-icon-list-icon\">\n\t\t\t\t\t\t\t<i aria-hidden=\"true\" class=\"fas fa-check-circle\"><\/i>\t\t\t\t\t\t<\/span>\n\t\t\t\t\t\t\t\t\t\t<span class=\"elementor-icon-list-text\">Regulate glucose metabolism<\/span>\n\t\t\t\t\t\t\t\t\t<\/li>\n\t\t\t\t\t\t\t\t<li class=\"elementor-icon-list-item\">\n\t\t\t\t\t\t\t\t\t\t\t<span class=\"elementor-icon-list-icon\">\n\t\t\t\t\t\t\t<i aria-hidden=\"true\" class=\"fas fa-check-circle\"><\/i>\t\t\t\t\t\t<\/span>\n\t\t\t\t\t\t\t\t\t\t<span class=\"elementor-icon-list-text\">Involved in lipolysis and lipogenesis<\/span>\n\t\t\t\t\t\t\t\t\t<\/li>\n\t\t\t\t\t\t\t\t<li class=\"elementor-icon-list-item\">\n\t\t\t\t\t\t\t\t\t\t\t<span class=\"elementor-icon-list-icon\">\n\t\t\t\t\t\t\t<i aria-hidden=\"true\" class=\"fas fa-check-circle\"><\/i>\t\t\t\t\t\t<\/span>\n\t\t\t\t\t\t\t\t\t\t<span class=\"elementor-icon-list-text\">Regulate protein synthesis<\/span>\n\t\t\t\t\t\t\t\t\t<\/li>\n\t\t\t\t\t\t\t\t<li class=\"elementor-icon-list-item\">\n\t\t\t\t\t\t\t\t\t\t\t<span class=\"elementor-icon-list-icon\">\n\t\t\t\t\t\t\t<i aria-hidden=\"true\" class=\"fas fa-check-circle\"><\/i>\t\t\t\t\t\t<\/span>\n\t\t\t\t\t\t\t\t\t\t<span class=\"elementor-icon-list-text\">They have effects on the cardiovascular system<\/span>\n\t\t\t\t\t\t\t\t\t<\/li>\n\t\t\t\t\t\t<\/ul>\n\t\t\t\t<\/div>\n\t\t\t\t<\/div>\n\t\t\t\t\t<\/div>\n\t\t<\/div>\n\t\t\t\t\t<\/div>\n\t\t<\/section>\n\t\t\t\t<\/div>\n\t\t","protected":false},"excerpt":{"rendered":"<p>About us Grafi Dentare Skaner 3D GALERIA Dental X-ray 3D Scanner GALERIA has been on the market since 2015. We are the first to bring the latest CBCT technology, which operates with the highest quality and minimum radiation time to rays We have the most complete OMF Scanner in dimensions 17 * 13.5 cm, Sectional [&hellip;]<\/p>\n","protected":false},"author":1,"featured_media":0,"parent":0,"menu_order":0,"comment_status":"closed","ping_status":"closed","template":"elementor_header_footer","meta":{"footnotes":""},"class_list":["post-643","page","type-page","status-publish","hentry"],"yoast_head":"<!-- This site is optimized with the Yoast SEO plugin v23.7 - https:\/\/yoast.com\/wordpress\/plugins\/seo\/ -->\n<title>About us - Grafi Dentare Skaner 3D GALERIA<\/title>\n<meta name=\"robots\" content=\"index, follow, max-snippet:-1, max-image-preview:large, max-video-preview:-1\" \/>\n<link rel=\"canonical\" href=\"https:\/\/grafigaleria.al\/en\/rreth-nesh\/\" \/>\n<meta property=\"og:locale\" content=\"en_US\" \/>\n<meta property=\"og:type\" content=\"article\" \/>\n<meta property=\"og:title\" content=\"About us - Grafi Dentare Skaner 3D GALERIA\" \/>\n<meta property=\"og:description\" content=\"About us Grafi Dentare Skaner 3D GALERIA Dental X-ray 3D Scanner GALERIA has been on the market since 2015. We are the first to bring the latest CBCT technology, which operates with the highest quality and minimum radiation time to rays We have the most complete OMF Scanner in dimensions 17 * 13.5 cm, Sectional [&hellip;]\" \/>\n<meta property=\"og:url\" content=\"https:\/\/grafigaleria.al\/en\/rreth-nesh\/\" \/>\n<meta property=\"og:site_name\" content=\"Grafi Dentare Skaner 3D GALERIA\" \/>\n<meta property=\"article:publisher\" content=\"https:\/\/www.facebook.com\/GrafiDentareSkaner3DGaleria\" \/>\n<meta property=\"article:modified_time\" content=\"2021-09-13T21:00:35+00:00\" \/>\n<meta property=\"og:image\" content=\"https:\/\/grafigaleria.al\/wp-content\/uploads\/elementor\/thumbs\/IMG_3010-pcvsaiul62wi8lbp7ky43btsbl3jt2awl7mclu914w.jpg\" \/>\n<meta name=\"twitter:card\" content=\"summary_large_image\" \/>\n<meta name=\"twitter:label1\" content=\"Est. reading time\" \/>\n\t<meta name=\"twitter:data1\" content=\"2 minutes\" \/>\n<script type=\"application\/ld+json\" class=\"yoast-schema-graph\">{\"@context\":\"https:\/\/schema.org\",\"@graph\":[{\"@type\":\"WebPage\",\"@id\":\"https:\/\/grafigaleria.al\/en\/rreth-nesh\/\",\"url\":\"https:\/\/grafigaleria.al\/en\/rreth-nesh\/\",\"name\":\"About us - Grafi Dentare Skaner 3D GALERIA\",\"isPartOf\":{\"@id\":\"https:\/\/grafigaleria.al\/#website\"},\"primaryImageOfPage\":{\"@id\":\"https:\/\/grafigaleria.al\/en\/rreth-nesh\/#primaryimage\"},\"image\":{\"@id\":\"https:\/\/grafigaleria.al\/en\/rreth-nesh\/#primaryimage\"},\"thumbnailUrl\":\"https:\/\/grafigaleria.al\/wp-content\/uploads\/elementor\/thumbs\/IMG_3010-pcvsaiul62wi8lbp7ky43btsbl3jt2awl7mclu914w.jpg\",\"datePublished\":\"2021-09-07T11:13:56+00:00\",\"dateModified\":\"2021-09-13T21:00:35+00:00\",\"breadcrumb\":{\"@id\":\"https:\/\/grafigaleria.al\/en\/rreth-nesh\/#breadcrumb\"},\"inLanguage\":\"en-US\",\"potentialAction\":[{\"@type\":\"ReadAction\",\"target\":[\"https:\/\/grafigaleria.al\/en\/rreth-nesh\/\"]}]},{\"@type\":\"ImageObject\",\"inLanguage\":\"en-US\",\"@id\":\"https:\/\/grafigaleria.al\/en\/rreth-nesh\/#primaryimage\",\"url\":\"https:\/\/grafigaleria.al\/wp-content\/uploads\/elementor\/thumbs\/IMG_3010-pcvsaiul62wi8lbp7ky43btsbl3jt2awl7mclu914w.jpg\",\"contentUrl\":\"https:\/\/grafigaleria.al\/wp-content\/uploads\/elementor\/thumbs\/IMG_3010-pcvsaiul62wi8lbp7ky43btsbl3jt2awl7mclu914w.jpg\"},{\"@type\":\"BreadcrumbList\",\"@id\":\"https:\/\/grafigaleria.al\/en\/rreth-nesh\/#breadcrumb\",\"itemListElement\":[{\"@type\":\"ListItem\",\"position\":1,\"name\":\"Home\",\"item\":\"https:\/\/grafigaleria.al\/en\/\"},{\"@type\":\"ListItem\",\"position\":2,\"name\":\"About us\"}]},{\"@type\":\"WebSite\",\"@id\":\"https:\/\/grafigaleria.al\/#website\",\"url\":\"https:\/\/grafigaleria.al\/\",\"name\":\"Grafi Dentare Skaner 3D GALERIA\",\"description\":\"Grafi Dentare Tirane\",\"publisher\":{\"@id\":\"https:\/\/grafigaleria.al\/#organization\"},\"potentialAction\":[{\"@type\":\"SearchAction\",\"target\":{\"@type\":\"EntryPoint\",\"urlTemplate\":\"https:\/\/grafigaleria.al\/?s={search_term_string}\"},\"query-input\":{\"@type\":\"PropertyValueSpecification\",\"valueRequired\":true,\"valueName\":\"search_term_string\"}}],\"inLanguage\":\"en-US\"},{\"@type\":\"Organization\",\"@id\":\"https:\/\/grafigaleria.al\/#organization\",\"name\":\"Grafi Dentare Skaner 3D GALERIA\",\"url\":\"https:\/\/grafigaleria.al\/\",\"logo\":{\"@type\":\"ImageObject\",\"inLanguage\":\"en-US\",\"@id\":\"https:\/\/grafigaleria.al\/#\/schema\/logo\/image\/\",\"url\":\"https:\/\/grafigaleria.al\/wp-content\/uploads\/2021\/09\/logo-GALERIA-copy-web.png\",\"contentUrl\":\"https:\/\/grafigaleria.al\/wp-content\/uploads\/2021\/09\/logo-GALERIA-copy-web.png\",\"width\":328,\"height\":100,\"caption\":\"Grafi Dentare Skaner 3D GALERIA\"},\"image\":{\"@id\":\"https:\/\/grafigaleria.al\/#\/schema\/logo\/image\/\"},\"sameAs\":[\"https:\/\/www.facebook.com\/GrafiDentareSkaner3DGaleria\"]}]}<\/script>\n<!-- \/ Yoast SEO plugin. -->","yoast_head_json":{"title":"About us - Grafi Dentare Skaner 3D GALERIA","robots":{"index":"index","follow":"follow","max-snippet":"max-snippet:-1","max-image-preview":"max-image-preview:large","max-video-preview":"max-video-preview:-1"},"canonical":"https:\/\/grafigaleria.al\/en\/rreth-nesh\/","og_locale":"en_US","og_type":"article","og_title":"About us - Grafi Dentare Skaner 3D GALERIA","og_description":"About us Grafi Dentare Skaner 3D GALERIA Dental X-ray 3D Scanner GALERIA has been on the market since 2015. We are the first to bring the latest CBCT technology, which operates with the highest quality and minimum radiation time to rays We have the most complete OMF Scanner in dimensions 17 * 13.5 cm, Sectional [&hellip;]","og_url":"https:\/\/grafigaleria.al\/en\/rreth-nesh\/","og_site_name":"Grafi Dentare Skaner 3D GALERIA","article_publisher":"https:\/\/www.facebook.com\/GrafiDentareSkaner3DGaleria","article_modified_time":"2021-09-13T21:00:35+00:00","og_image":[{"url":"https:\/\/grafigaleria.al\/wp-content\/uploads\/elementor\/thumbs\/IMG_3010-pcvsaiul62wi8lbp7ky43btsbl3jt2awl7mclu914w.jpg"}],"twitter_card":"summary_large_image","twitter_misc":{"Est. reading time":"2 minutes"},"schema":{"@context":"https:\/\/schema.org","@graph":[{"@type":"WebPage","@id":"https:\/\/grafigaleria.al\/en\/rreth-nesh\/","url":"https:\/\/grafigaleria.al\/en\/rreth-nesh\/","name":"About us - Grafi Dentare Skaner 3D GALERIA","isPartOf":{"@id":"https:\/\/grafigaleria.al\/#website"},"primaryImageOfPage":{"@id":"https:\/\/grafigaleria.al\/en\/rreth-nesh\/#primaryimage"},"image":{"@id":"https:\/\/grafigaleria.al\/en\/rreth-nesh\/#primaryimage"},"thumbnailUrl":"https:\/\/grafigaleria.al\/wp-content\/uploads\/elementor\/thumbs\/IMG_3010-pcvsaiul62wi8lbp7ky43btsbl3jt2awl7mclu914w.jpg","datePublished":"2021-09-07T11:13:56+00:00","dateModified":"2021-09-13T21:00:35+00:00","breadcrumb":{"@id":"https:\/\/grafigaleria.al\/en\/rreth-nesh\/#breadcrumb"},"inLanguage":"en-US","potentialAction":[{"@type":"ReadAction","target":["https:\/\/grafigaleria.al\/en\/rreth-nesh\/"]}]},{"@type":"ImageObject","inLanguage":"en-US","@id":"https:\/\/grafigaleria.al\/en\/rreth-nesh\/#primaryimage","url":"https:\/\/grafigaleria.al\/wp-content\/uploads\/elementor\/thumbs\/IMG_3010-pcvsaiul62wi8lbp7ky43btsbl3jt2awl7mclu914w.jpg","contentUrl":"https:\/\/grafigaleria.al\/wp-content\/uploads\/elementor\/thumbs\/IMG_3010-pcvsaiul62wi8lbp7ky43btsbl3jt2awl7mclu914w.jpg"},{"@type":"BreadcrumbList","@id":"https:\/\/grafigaleria.al\/en\/rreth-nesh\/#breadcrumb","itemListElement":[{"@type":"ListItem","position":1,"name":"Home","item":"https:\/\/grafigaleria.al\/en\/"},{"@type":"ListItem","position":2,"name":"About us"}]},{"@type":"WebSite","@id":"https:\/\/grafigaleria.al\/#website","url":"https:\/\/grafigaleria.al\/","name":"Grafi Dentare Skaner 3D GALERIA","description":"Grafi Dentare Tirane","publisher":{"@id":"https:\/\/grafigaleria.al\/#organization"},"potentialAction":[{"@type":"SearchAction","target":{"@type":"EntryPoint","urlTemplate":"https:\/\/grafigaleria.al\/?s={search_term_string}"},"query-input":{"@type":"PropertyValueSpecification","valueRequired":true,"valueName":"search_term_string"}}],"inLanguage":"en-US"},{"@type":"Organization","@id":"https:\/\/grafigaleria.al\/#organization","name":"Grafi Dentare Skaner 3D GALERIA","url":"https:\/\/grafigaleria.al\/","logo":{"@type":"ImageObject","inLanguage":"en-US","@id":"https:\/\/grafigaleria.al\/#\/schema\/logo\/image\/","url":"https:\/\/grafigaleria.al\/wp-content\/uploads\/2021\/09\/logo-GALERIA-copy-web.png","contentUrl":"https:\/\/grafigaleria.al\/wp-content\/uploads\/2021\/09\/logo-GALERIA-copy-web.png","width":328,"height":100,"caption":"Grafi Dentare Skaner 3D GALERIA"},"image":{"@id":"https:\/\/grafigaleria.al\/#\/schema\/logo\/image\/"},"sameAs":["https:\/\/www.facebook.com\/GrafiDentareSkaner3DGaleria"]}]}},"_links":{"self":[{"href":"https:\/\/grafigaleria.al\/en\/wp-json\/wp\/v2\/pages\/643","targetHints":{"allow":["GET"]}}],"collection":[{"href":"https:\/\/grafigaleria.al\/en\/wp-json\/wp\/v2\/pages"}],"about":[{"href":"https:\/\/grafigaleria.al\/en\/wp-json\/wp\/v2\/types\/page"}],"author":[{"embeddable":true,"href":"https:\/\/grafigaleria.al\/en\/wp-json\/wp\/v2\/users\/1"}],"replies":[{"embeddable":true,"href":"https:\/\/grafigaleria.al\/en\/wp-json\/wp\/v2\/comments?post=643"}],"version-history":[{"count":9,"href":"https:\/\/grafigaleria.al\/en\/wp-json\/wp\/v2\/pages\/643\/revisions"}],"predecessor-version":[{"id":813,"href":"https:\/\/grafigaleria.al\/en\/wp-json\/wp\/v2\/pages\/643\/revisions\/813"}],"wp:attachment":[{"href":"https:\/\/grafigaleria.al\/en\/wp-json\/wp\/v2\/media?parent=643"}],"curies":[{"name":"wp","href":"https:\/\/api.w.org\/{rel}","templated":true}]}}