{"id":673,"date":"2021-09-07T11:13:56","date_gmt":"2021-09-07T11:13:56","guid":{"rendered":"https:\/\/grafigaleria.al\/rreth-nesh\/"},"modified":"2021-09-13T17:18:36","modified_gmt":"2021-09-13T17:18:36","slug":"rreth-nesh","status":"publish","type":"page","link":"https:\/\/grafigaleria.al\/it\/rreth-nesh\/","title":{"rendered":"Chi siamo"},"content":{"rendered":"\t\t<div data-elementor-type=\"wp-page\" data-elementor-id=\"673\" class=\"elementor elementor-673\">\n\t\t\t\t\t\t<section class=\"elementor-section elementor-top-section elementor-element elementor-element-307597d3 elementor-section-boxed elementor-section-height-default elementor-section-height-default\" data-id=\"307597d3\" data-element_type=\"section\" data-settings=\"{&quot;background_background&quot;:&quot;classic&quot;}\">\n\t\t\t\t\t\t\t<div class=\"elementor-background-overlay\"><\/div>\n\t\t\t\t\t\t\t<div class=\"elementor-container elementor-column-gap-default\">\n\t\t\t\t\t<div class=\"elementor-column elementor-col-100 elementor-top-column elementor-element elementor-element-659c88c6\" data-id=\"659c88c6\" data-element_type=\"column\">\n\t\t\t<div class=\"elementor-widget-wrap elementor-element-populated\">\n\t\t\t\t\t\t<div class=\"elementor-element elementor-element-10ee5fed elementor-widget elementor-widget-heading\" data-id=\"10ee5fed\" data-element_type=\"widget\" data-widget_type=\"heading.default\">\n\t\t\t\t<div class=\"elementor-widget-container\">\n\t\t\t<h2 class=\"elementor-heading-title elementor-size-default\">Chi siamo<\/h2>\t\t<\/div>\n\t\t\t\t<\/div>\n\t\t\t\t\t<\/div>\n\t\t<\/div>\n\t\t\t\t\t<\/div>\n\t\t<\/section>\n\t\t\t\t<section class=\"elementor-section elementor-top-section elementor-element elementor-element-35f33c0f elementor-section-content-middle elementor-section-boxed elementor-section-height-default elementor-section-height-default\" data-id=\"35f33c0f\" data-element_type=\"section\">\n\t\t\t\t\t\t<div class=\"elementor-container elementor-column-gap-default\">\n\t\t\t\t\t<div class=\"elementor-column elementor-col-33 elementor-top-column elementor-element elementor-element-11d1097a\" data-id=\"11d1097a\" data-element_type=\"column\">\n\t\t\t<div class=\"elementor-widget-wrap elementor-element-populated\">\n\t\t\t\t\t\t<div class=\"elementor-element elementor-element-6199e92b elementor-widget elementor-widget-image\" data-id=\"6199e92b\" data-element_type=\"widget\" data-widget_type=\"image.default\">\n\t\t\t\t<div class=\"elementor-widget-container\">\n\t\t\t\t\t\t\t\t\t\t\t\t\t<img decoding=\"async\" src=\"https:\/\/grafigaleria.al\/wp-content\/uploads\/elementor\/thumbs\/IMG_3010-pcvsaiul62wi8lbp7ky43btsbl3jt2awl7mczegp34.jpg\" title=\"IMG_3010\" alt=\"Grafi Dentare Skaner 3D GALERIA operon ne treg q\u00eb nga viti 2015, te par\u00ebt q\u00eb soll\u00ebm teknonogjin\u00eb e fundit te Skaner CBCT, Grafi Dentare Tirane\" loading=\"lazy\" \/>\t\t\t\t\t\t\t\t\t\t\t\t\t<\/div>\n\t\t\t\t<\/div>\n\t\t\t\t\t<\/div>\n\t\t<\/div>\n\t\t\t\t<div class=\"elementor-column elementor-col-33 elementor-top-column elementor-element elementor-element-c3e978d\" data-id=\"c3e978d\" data-element_type=\"column\">\n\t\t\t<div class=\"elementor-widget-wrap elementor-element-populated\">\n\t\t\t\t\t\t<div class=\"elementor-element elementor-element-7e874892 elementor-widget elementor-widget-heading\" data-id=\"7e874892\" data-element_type=\"widget\" data-widget_type=\"heading.default\">\n\t\t\t\t<div class=\"elementor-widget-container\">\n\t\t\t<h2 class=\"elementor-heading-title elementor-size-default\">Grafi Dentare Skaner 3D GALERIA<\/h2>\t\t<\/div>\n\t\t\t\t<\/div>\n\t\t\t\t<div class=\"elementor-element elementor-element-691ed000 elementor-widget elementor-widget-text-editor\" data-id=\"691ed000\" data-element_type=\"widget\" data-widget_type=\"text-editor.default\">\n\t\t\t\t<div class=\"elementor-widget-container\">\n\t\t\t\t\t\t\t<p>Radiografia Dentale, Scanner 3D GALERIA opera sul mercato dal 2015.<\/p>\t\t\t\t\t\t<\/div>\n\t\t\t\t<\/div>\n\t\t\t\t<div class=\"elementor-element elementor-element-0cdf290 elementor-icon-list--layout-traditional elementor-list-item-link-full_width elementor-widget elementor-widget-icon-list\" data-id=\"0cdf290\" data-element_type=\"widget\" data-widget_type=\"icon-list.default\">\n\t\t\t\t<div class=\"elementor-widget-container\">\n\t\t\t\t\t<ul class=\"elementor-icon-list-items\">\n\t\t\t\t\t\t\t<li class=\"elementor-icon-list-item\">\n\t\t\t\t\t\t\t\t\t\t\t<span class=\"elementor-icon-list-icon\">\n\t\t\t\t\t\t\t<i aria-hidden=\"true\" class=\"fas fa-check-circle\"><\/i>\t\t\t\t\t\t<\/span>\n\t\t\t\t\t\t\t\t\t\t<span class=\"elementor-icon-list-text\">Siamo i primi a portare la tecnologia di ultima generazione CBCT, che opera con la massima qualit\u00e0 e tempo minimo di radiazione ai raggi.<\/span>\n\t\t\t\t\t\t\t\t\t<\/li>\n\t\t\t\t\t\t\t\t<li class=\"elementor-icon-list-item\">\n\t\t\t\t\t\t\t\t\t\t\t<span class=\"elementor-icon-list-icon\">\n\t\t\t\t\t\t\t<i aria-hidden=\"true\" class=\"fas fa-check-circle\"><\/i>\t\t\t\t\t\t<\/span>\n\t\t\t\t\t\t\t\t\t\t<span class=\"elementor-icon-list-text\">Abbiamo lo scanner OMF pi\u00f9 completo nelle dimensioni 17 * 13,5 cm, scanner sezionale 5 * 5 cm (sezionale) senza toccare l'immagine. Scanner mascellare\/mandibola.<\/span>\n\t\t\t\t\t\t\t\t\t<\/li>\n\t\t\t\t\t\t\t\t<li class=\"elementor-icon-list-item\">\n\t\t\t\t\t\t\t\t\t\t\t<span class=\"elementor-icon-list-icon\">\n\t\t\t\t\t\t\t<i aria-hidden=\"true\" class=\"fas fa-check-circle\"><\/i>\t\t\t\t\t\t<\/span>\n\t\t\t\t\t\t\t\t\t\t<span class=\"elementor-icon-list-text\">Gli esami che effettuiamo ti vengono consegnati in mano, in formato di film stampato e CD, e possono essere inviati a te e al tuo medico in tempo reale.<\/span>\n\t\t\t\t\t\t\t\t\t<\/li>\n\t\t\t\t\t\t\t\t<li class=\"elementor-icon-list-item\">\n\t\t\t\t\t\t\t\t\t\t\t<span class=\"elementor-icon-list-icon\">\n\t\t\t\t\t\t\t<i aria-hidden=\"true\" class=\"fas fa-check-circle\"><\/i>\t\t\t\t\t\t<\/span>\n\t\t\t\t\t\t\t\t\t\t<span class=\"elementor-icon-list-text\">Ogni esame effettuato con noi viene archiviato per 5 anni.<\/span>\n\t\t\t\t\t\t\t\t\t<\/li>\n\t\t\t\t\t\t<\/ul>\n\t\t\t\t<\/div>\n\t\t\t\t<\/div>\n\t\t\t\t\t<\/div>\n\t\t<\/div>\n\t\t\t\t<div class=\"elementor-column elementor-col-33 elementor-top-column elementor-element elementor-element-40c0b08\" data-id=\"40c0b08\" data-element_type=\"column\">\n\t\t\t<div class=\"elementor-widget-wrap elementor-element-populated\">\n\t\t\t\t\t\t<div class=\"elementor-element elementor-element-85e43bf elementor-widget elementor-widget-image\" data-id=\"85e43bf\" data-element_type=\"widget\" data-widget_type=\"image.default\">\n\t\t\t\t<div class=\"elementor-widget-container\">\n\t\t\t\t\t\t\t\t\t\t\t\t\t<img decoding=\"async\" src=\"https:\/\/grafigaleria.al\/wp-content\/uploads\/elementor\/thumbs\/foto1-1-pcu2f4mq3drm9sqnms0hjejg97n7prp6cmosyh1log.jpg\" title=\"Revealing shot of empty stomatology orthodontic office with teet\" alt=\"Grafi Dentare Skaner 3D GALERIA operon ne treg q\u00eb nga viti 2015, te par\u00ebt q\u00eb soll\u00ebm teknonogjin\u00eb e fundit te Skaner CBCT, Grafi Dentare Tirane\" loading=\"lazy\" \/>\t\t\t\t\t\t\t\t\t\t\t\t\t<\/div>\n\t\t\t\t<\/div>\n\t\t\t\t\t<\/div>\n\t\t<\/div>\n\t\t\t\t\t<\/div>\n\t\t<\/section>\n\t\t\t\t<section class=\"elementor-section elementor-top-section elementor-element elementor-element-24ad74e8 elementor-section-content-middle elementor-section-boxed elementor-section-height-default elementor-section-height-default\" data-id=\"24ad74e8\" data-element_type=\"section\">\n\t\t\t\t\t\t<div class=\"elementor-container elementor-column-gap-default\">\n\t\t\t\t\t<div class=\"elementor-column elementor-col-50 elementor-top-column elementor-element elementor-element-436dfd6a\" data-id=\"436dfd6a\" data-element_type=\"column\">\n\t\t\t<div class=\"elementor-widget-wrap elementor-element-populated\">\n\t\t\t\t\t\t<div class=\"elementor-element elementor-element-7302e7ac elementor-widget elementor-widget-heading\" data-id=\"7302e7ac\" data-element_type=\"widget\" data-widget_type=\"heading.default\">\n\t\t\t\t<div class=\"elementor-widget-container\">\n\t\t\t<h2 class=\"elementor-heading-title elementor-size-default\">Prendiamo la massima cura dei nostri pazienti<\/h2>\t\t<\/div>\n\t\t\t\t<\/div>\n\t\t\t\t<div class=\"elementor-element elementor-element-9e31ff5 elementor-widget elementor-widget-image\" data-id=\"9e31ff5\" data-element_type=\"widget\" data-widget_type=\"image.default\">\n\t\t\t\t<div class=\"elementor-widget-container\">\n\t\t\t\t\t\t\t\t\t\t\t\t\t<img fetchpriority=\"high\" decoding=\"async\" width=\"500\" height=\"513\" src=\"https:\/\/grafigaleria.al\/wp-content\/uploads\/2021\/09\/x-ray-protection-1.jpg\" class=\"attachment-full size-full wp-image-589\" alt=\"Grafi Dentare Skaner 3D GALERIA operon ne treg q\u00eb nga viti 2015, te par\u00ebt q\u00eb soll\u00ebm teknonogjin\u00eb e fundit te Skaner CBCT, Grafi Dentare Tirane\" srcset=\"https:\/\/grafigaleria.al\/wp-content\/uploads\/2021\/09\/x-ray-protection-1.jpg 500w, https:\/\/grafigaleria.al\/wp-content\/uploads\/2021\/09\/x-ray-protection-1-292x300.jpg 292w\" sizes=\"(max-width: 500px) 100vw, 500px\" \/>\t\t\t\t\t\t\t\t\t\t\t\t\t<\/div>\n\t\t\t\t<\/div>\n\t\t\t\t<div class=\"elementor-element elementor-element-2e105f87 elementor-widget__width-auto elementor-absolute elementor-view-default elementor-widget elementor-widget-icon\" data-id=\"2e105f87\" data-element_type=\"widget\" data-settings=\"{&quot;_position&quot;:&quot;absolute&quot;}\" data-widget_type=\"icon.default\">\n\t\t\t\t<div class=\"elementor-widget-container\">\n\t\t\t\t\t<div class=\"elementor-icon-wrapper\">\n\t\t\t<div class=\"elementor-icon\">\n\t\t\t<i aria-hidden=\"true\" class=\"jki jki-quote-light\"><\/i>\t\t\t<\/div>\n\t\t<\/div>\n\t\t\t\t<\/div>\n\t\t\t\t<\/div>\n\t\t\t\t\t<\/div>\n\t\t<\/div>\n\t\t\t\t<div class=\"elementor-column elementor-col-50 elementor-top-column elementor-element elementor-element-6df9631a\" data-id=\"6df9631a\" data-element_type=\"column\">\n\t\t\t<div class=\"elementor-widget-wrap elementor-element-populated\">\n\t\t\t\t\t\t<div class=\"elementor-element elementor-element-dccf518 elementor-widget elementor-widget-heading\" data-id=\"dccf518\" data-element_type=\"widget\" data-widget_type=\"heading.default\">\n\t\t\t\t<div class=\"elementor-widget-container\">\n\t\t\t<h3 class=\"elementor-heading-title elementor-size-default\">FUNZIONE DELL'ORMONIO TIROIDEO<\/h3>\t\t<\/div>\n\t\t\t\t<\/div>\n\t\t\t\t<div class=\"elementor-element elementor-element-6ab1768 elementor-widget elementor-widget-heading\" data-id=\"6ab1768\" data-element_type=\"widget\" data-widget_type=\"heading.default\">\n\t\t\t\t<div class=\"elementor-widget-container\">\n\t\t\t<h4 class=\"elementor-heading-title elementor-size-default\">L'importanza di proteggere le ghiandole tiroidee dai raggi X\n<\/h4>\t\t<\/div>\n\t\t\t\t<\/div>\n\t\t\t\t<div class=\"elementor-element elementor-element-254864b elementor-icon-list--layout-traditional elementor-list-item-link-full_width elementor-widget elementor-widget-icon-list\" data-id=\"254864b\" data-element_type=\"widget\" data-widget_type=\"icon-list.default\">\n\t\t\t\t<div class=\"elementor-widget-container\">\n\t\t\t\t\t<ul class=\"elementor-icon-list-items\">\n\t\t\t\t\t\t\t<li class=\"elementor-icon-list-item\">\n\t\t\t\t\t\t\t\t\t\t\t<span class=\"elementor-icon-list-icon\">\n\t\t\t\t\t\t\t<i aria-hidden=\"true\" class=\"fas fa-check-circle\"><\/i>\t\t\t\t\t\t<\/span>\n\t\t\t\t\t\t\t\t\t\t<span class=\"elementor-icon-list-text\">Regola lo sviluppo del cervello fetale e infantile<\/span>\n\t\t\t\t\t\t\t\t\t<\/li>\n\t\t\t\t\t\t\t\t<li class=\"elementor-icon-list-item\">\n\t\t\t\t\t\t\t\t\t\t\t<span class=\"elementor-icon-list-icon\">\n\t\t\t\t\t\t\t<i aria-hidden=\"true\" class=\"fas fa-check-circle\"><\/i>\t\t\t\t\t\t<\/span>\n\t\t\t\t\t\t\t\t\t\t<span class=\"elementor-icon-list-text\">Necessario per lo sviluppo scheletrico fetale<\/span>\n\t\t\t\t\t\t\t\t\t<\/li>\n\t\t\t\t\t\t\t\t<li class=\"elementor-icon-list-item\">\n\t\t\t\t\t\t\t\t\t\t\t<span class=\"elementor-icon-list-icon\">\n\t\t\t\t\t\t\t<i aria-hidden=\"true\" class=\"fas fa-check-circle\"><\/i>\t\t\t\t\t\t<\/span>\n\t\t\t\t\t\t\t\t\t\t<span class=\"elementor-icon-list-text\">Sono indispensabili per la normale crescita del corpo del bambino e per la maturazione del vari sistemi e organi, in particolare scheletrici<\/span>\n\t\t\t\t\t\t\t\t\t<\/li>\n\t\t\t\t\t\t\t\t<li class=\"elementor-icon-list-item\">\n\t\t\t\t\t\t\t\t\t\t\t<span class=\"elementor-icon-list-icon\">\n\t\t\t\t\t\t\t<i aria-hidden=\"true\" class=\"fas fa-check-circle\"><\/i>\t\t\t\t\t\t<\/span>\n\t\t\t\t\t\t\t\t\t\t<span class=\"elementor-icon-list-text\">Regolano l'attivit\u00e0 del metabolismo e influenzano la funzione di ogni organo e tessuto, soprattutto negli adulti.<\/span>\n\t\t\t\t\t\t\t\t\t<\/li>\n\t\t\t\t\t\t\t\t<li class=\"elementor-icon-list-item\">\n\t\t\t\t\t\t\t\t\t\t\t<span class=\"elementor-icon-list-icon\">\n\t\t\t\t\t\t\t<i aria-hidden=\"true\" class=\"fas fa-check-circle\"><\/i>\t\t\t\t\t\t<\/span>\n\t\t\t\t\t\t\t\t\t\t<span class=\"elementor-icon-list-text\">Hanno azione termologica<\/span>\n\t\t\t\t\t\t\t\t\t<\/li>\n\t\t\t\t\t\t\t\t<li class=\"elementor-icon-list-item\">\n\t\t\t\t\t\t\t\t\t\t\t<span class=\"elementor-icon-list-icon\">\n\t\t\t\t\t\t\t<i aria-hidden=\"true\" class=\"fas fa-check-circle\"><\/i>\t\t\t\t\t\t<\/span>\n\t\t\t\t\t\t\t\t\t\t<span class=\"elementor-icon-list-text\">Regola il metabolismo del glucosio<\/span>\n\t\t\t\t\t\t\t\t\t<\/li>\n\t\t\t\t\t\t\t\t<li class=\"elementor-icon-list-item\">\n\t\t\t\t\t\t\t\t\t\t\t<span class=\"elementor-icon-list-icon\">\n\t\t\t\t\t\t\t<i aria-hidden=\"true\" class=\"fas fa-check-circle\"><\/i>\t\t\t\t\t\t<\/span>\n\t\t\t\t\t\t\t\t\t\t<span class=\"elementor-icon-list-text\">Sono coinvolti nella lipolisi e nella lipogenesi<\/span>\n\t\t\t\t\t\t\t\t\t<\/li>\n\t\t\t\t\t\t\t\t<li class=\"elementor-icon-list-item\">\n\t\t\t\t\t\t\t\t\t\t\t<span class=\"elementor-icon-list-icon\">\n\t\t\t\t\t\t\t<i aria-hidden=\"true\" class=\"fas fa-check-circle\"><\/i>\t\t\t\t\t\t<\/span>\n\t\t\t\t\t\t\t\t\t\t<span class=\"elementor-icon-list-text\">Regola la sintesi proteica<\/span>\n\t\t\t\t\t\t\t\t\t<\/li>\n\t\t\t\t\t\t\t\t<li class=\"elementor-icon-list-item\">\n\t\t\t\t\t\t\t\t\t\t\t<span class=\"elementor-icon-list-icon\">\n\t\t\t\t\t\t\t<i aria-hidden=\"true\" class=\"fas fa-check-circle\"><\/i>\t\t\t\t\t\t<\/span>\n\t\t\t\t\t\t\t\t\t\t<span class=\"elementor-icon-list-text\">Hanno effetti sul sistema cardiovascolare<\/span>\n\t\t\t\t\t\t\t\t\t<\/li>\n\t\t\t\t\t\t<\/ul>\n\t\t\t\t<\/div>\n\t\t\t\t<\/div>\n\t\t\t\t\t<\/div>\n\t\t<\/div>\n\t\t\t\t\t<\/div>\n\t\t<\/section>\n\t\t\t\t<\/div>\n\t\t","protected":false},"excerpt":{"rendered":"<p>Chi siamo Grafi Dentare Skaner 3D GALERIA Radiografia Dentale, Scanner 3D GALERIA opera sul mercato dal 2015. Siamo i primi a portare la tecnologia di ultima generazione CBCT, che opera con la massima qualit\u00e0 e tempo minimo di radiazione ai raggi. Abbiamo lo scanner OMF pi\u00f9 completo nelle dimensioni 17 * 13,5 cm, scanner sezionale [&hellip;]<\/p>\n","protected":false},"author":1,"featured_media":0,"parent":0,"menu_order":0,"comment_status":"closed","ping_status":"closed","template":"elementor_header_footer","meta":{"footnotes":""},"class_list":["post-673","page","type-page","status-publish","hentry"],"yoast_head":"<!-- This site is optimized with the Yoast SEO plugin v23.7 - https:\/\/yoast.com\/wordpress\/plugins\/seo\/ -->\n<title>Chi siamo - Grafi Dentare Skaner 3D GALERIA<\/title>\n<meta name=\"robots\" content=\"index, follow, max-snippet:-1, max-image-preview:large, max-video-preview:-1\" \/>\n<link rel=\"canonical\" href=\"https:\/\/grafigaleria.al\/it\/rreth-nesh\/\" \/>\n<meta property=\"og:locale\" content=\"it_IT\" \/>\n<meta property=\"og:type\" content=\"article\" \/>\n<meta property=\"og:title\" content=\"Chi siamo - Grafi Dentare Skaner 3D GALERIA\" \/>\n<meta property=\"og:description\" content=\"Chi siamo Grafi Dentare Skaner 3D GALERIA Radiografia Dentale, Scanner 3D GALERIA opera sul mercato dal 2015. Siamo i primi a portare la tecnologia di ultima generazione CBCT, che opera con la massima qualit\u00e0 e tempo minimo di radiazione ai raggi. Abbiamo lo scanner OMF pi\u00f9 completo nelle dimensioni 17 * 13,5 cm, scanner sezionale [&hellip;]\" \/>\n<meta property=\"og:url\" content=\"https:\/\/grafigaleria.al\/it\/rreth-nesh\/\" \/>\n<meta property=\"og:site_name\" content=\"Grafi Dentare Skaner 3D GALERIA\" \/>\n<meta property=\"article:publisher\" content=\"https:\/\/www.facebook.com\/GrafiDentareSkaner3DGaleria\" \/>\n<meta property=\"article:modified_time\" content=\"2021-09-13T17:18:36+00:00\" \/>\n<meta property=\"og:image\" content=\"https:\/\/grafigaleria.al\/wp-content\/uploads\/elementor\/thumbs\/IMG_3010-pcvsaiul62wi8lbp7ky43btsbl3jt2awl7mclu914w.jpg\" \/>\n<meta name=\"twitter:card\" content=\"summary_large_image\" \/>\n<meta name=\"twitter:label1\" content=\"Tempo di lettura stimato\" \/>\n\t<meta name=\"twitter:data1\" content=\"2 minuti\" \/>\n<script type=\"application\/ld+json\" class=\"yoast-schema-graph\">{\"@context\":\"https:\/\/schema.org\",\"@graph\":[{\"@type\":\"WebPage\",\"@id\":\"https:\/\/grafigaleria.al\/it\/rreth-nesh\/\",\"url\":\"https:\/\/grafigaleria.al\/it\/rreth-nesh\/\",\"name\":\"Chi siamo - Grafi Dentare Skaner 3D GALERIA\",\"isPartOf\":{\"@id\":\"https:\/\/grafigaleria.al\/#website\"},\"primaryImageOfPage\":{\"@id\":\"https:\/\/grafigaleria.al\/it\/rreth-nesh\/#primaryimage\"},\"image\":{\"@id\":\"https:\/\/grafigaleria.al\/it\/rreth-nesh\/#primaryimage\"},\"thumbnailUrl\":\"https:\/\/grafigaleria.al\/wp-content\/uploads\/elementor\/thumbs\/IMG_3010-pcvsaiul62wi8lbp7ky43btsbl3jt2awl7mclu914w.jpg\",\"datePublished\":\"2021-09-07T11:13:56+00:00\",\"dateModified\":\"2021-09-13T17:18:36+00:00\",\"breadcrumb\":{\"@id\":\"https:\/\/grafigaleria.al\/it\/rreth-nesh\/#breadcrumb\"},\"inLanguage\":\"it-IT\",\"potentialAction\":[{\"@type\":\"ReadAction\",\"target\":[\"https:\/\/grafigaleria.al\/it\/rreth-nesh\/\"]}]},{\"@type\":\"ImageObject\",\"inLanguage\":\"it-IT\",\"@id\":\"https:\/\/grafigaleria.al\/it\/rreth-nesh\/#primaryimage\",\"url\":\"https:\/\/grafigaleria.al\/wp-content\/uploads\/elementor\/thumbs\/IMG_3010-pcvsaiul62wi8lbp7ky43btsbl3jt2awl7mclu914w.jpg\",\"contentUrl\":\"https:\/\/grafigaleria.al\/wp-content\/uploads\/elementor\/thumbs\/IMG_3010-pcvsaiul62wi8lbp7ky43btsbl3jt2awl7mclu914w.jpg\"},{\"@type\":\"BreadcrumbList\",\"@id\":\"https:\/\/grafigaleria.al\/it\/rreth-nesh\/#breadcrumb\",\"itemListElement\":[{\"@type\":\"ListItem\",\"position\":1,\"name\":\"Home\",\"item\":\"https:\/\/grafigaleria.al\/it\/\"},{\"@type\":\"ListItem\",\"position\":2,\"name\":\"Chi siamo\"}]},{\"@type\":\"WebSite\",\"@id\":\"https:\/\/grafigaleria.al\/#website\",\"url\":\"https:\/\/grafigaleria.al\/\",\"name\":\"Grafi Dentare Skaner 3D GALERIA\",\"description\":\"Grafi Dentare Tirane\",\"publisher\":{\"@id\":\"https:\/\/grafigaleria.al\/#organization\"},\"potentialAction\":[{\"@type\":\"SearchAction\",\"target\":{\"@type\":\"EntryPoint\",\"urlTemplate\":\"https:\/\/grafigaleria.al\/?s={search_term_string}\"},\"query-input\":{\"@type\":\"PropertyValueSpecification\",\"valueRequired\":true,\"valueName\":\"search_term_string\"}}],\"inLanguage\":\"it-IT\"},{\"@type\":\"Organization\",\"@id\":\"https:\/\/grafigaleria.al\/#organization\",\"name\":\"Grafi Dentare Skaner 3D GALERIA\",\"url\":\"https:\/\/grafigaleria.al\/\",\"logo\":{\"@type\":\"ImageObject\",\"inLanguage\":\"it-IT\",\"@id\":\"https:\/\/grafigaleria.al\/#\/schema\/logo\/image\/\",\"url\":\"https:\/\/grafigaleria.al\/wp-content\/uploads\/2021\/09\/logo-GALERIA-copy-web.png\",\"contentUrl\":\"https:\/\/grafigaleria.al\/wp-content\/uploads\/2021\/09\/logo-GALERIA-copy-web.png\",\"width\":328,\"height\":100,\"caption\":\"Grafi Dentare Skaner 3D GALERIA\"},\"image\":{\"@id\":\"https:\/\/grafigaleria.al\/#\/schema\/logo\/image\/\"},\"sameAs\":[\"https:\/\/www.facebook.com\/GrafiDentareSkaner3DGaleria\"]}]}<\/script>\n<!-- \/ Yoast SEO plugin. -->","yoast_head_json":{"title":"Chi siamo - Grafi Dentare Skaner 3D GALERIA","robots":{"index":"index","follow":"follow","max-snippet":"max-snippet:-1","max-image-preview":"max-image-preview:large","max-video-preview":"max-video-preview:-1"},"canonical":"https:\/\/grafigaleria.al\/it\/rreth-nesh\/","og_locale":"it_IT","og_type":"article","og_title":"Chi siamo - Grafi Dentare Skaner 3D GALERIA","og_description":"Chi siamo Grafi Dentare Skaner 3D GALERIA Radiografia Dentale, Scanner 3D GALERIA opera sul mercato dal 2015. Siamo i primi a portare la tecnologia di ultima generazione CBCT, che opera con la massima qualit\u00e0 e tempo minimo di radiazione ai raggi. Abbiamo lo scanner OMF pi\u00f9 completo nelle dimensioni 17 * 13,5 cm, scanner sezionale [&hellip;]","og_url":"https:\/\/grafigaleria.al\/it\/rreth-nesh\/","og_site_name":"Grafi Dentare Skaner 3D GALERIA","article_publisher":"https:\/\/www.facebook.com\/GrafiDentareSkaner3DGaleria","article_modified_time":"2021-09-13T17:18:36+00:00","og_image":[{"url":"https:\/\/grafigaleria.al\/wp-content\/uploads\/elementor\/thumbs\/IMG_3010-pcvsaiul62wi8lbp7ky43btsbl3jt2awl7mclu914w.jpg"}],"twitter_card":"summary_large_image","twitter_misc":{"Tempo di lettura stimato":"2 minuti"},"schema":{"@context":"https:\/\/schema.org","@graph":[{"@type":"WebPage","@id":"https:\/\/grafigaleria.al\/it\/rreth-nesh\/","url":"https:\/\/grafigaleria.al\/it\/rreth-nesh\/","name":"Chi siamo - Grafi Dentare Skaner 3D GALERIA","isPartOf":{"@id":"https:\/\/grafigaleria.al\/#website"},"primaryImageOfPage":{"@id":"https:\/\/grafigaleria.al\/it\/rreth-nesh\/#primaryimage"},"image":{"@id":"https:\/\/grafigaleria.al\/it\/rreth-nesh\/#primaryimage"},"thumbnailUrl":"https:\/\/grafigaleria.al\/wp-content\/uploads\/elementor\/thumbs\/IMG_3010-pcvsaiul62wi8lbp7ky43btsbl3jt2awl7mclu914w.jpg","datePublished":"2021-09-07T11:13:56+00:00","dateModified":"2021-09-13T17:18:36+00:00","breadcrumb":{"@id":"https:\/\/grafigaleria.al\/it\/rreth-nesh\/#breadcrumb"},"inLanguage":"it-IT","potentialAction":[{"@type":"ReadAction","target":["https:\/\/grafigaleria.al\/it\/rreth-nesh\/"]}]},{"@type":"ImageObject","inLanguage":"it-IT","@id":"https:\/\/grafigaleria.al\/it\/rreth-nesh\/#primaryimage","url":"https:\/\/grafigaleria.al\/wp-content\/uploads\/elementor\/thumbs\/IMG_3010-pcvsaiul62wi8lbp7ky43btsbl3jt2awl7mclu914w.jpg","contentUrl":"https:\/\/grafigaleria.al\/wp-content\/uploads\/elementor\/thumbs\/IMG_3010-pcvsaiul62wi8lbp7ky43btsbl3jt2awl7mclu914w.jpg"},{"@type":"BreadcrumbList","@id":"https:\/\/grafigaleria.al\/it\/rreth-nesh\/#breadcrumb","itemListElement":[{"@type":"ListItem","position":1,"name":"Home","item":"https:\/\/grafigaleria.al\/it\/"},{"@type":"ListItem","position":2,"name":"Chi siamo"}]},{"@type":"WebSite","@id":"https:\/\/grafigaleria.al\/#website","url":"https:\/\/grafigaleria.al\/","name":"Grafi Dentare Skaner 3D GALERIA","description":"Grafi Dentare Tirane","publisher":{"@id":"https:\/\/grafigaleria.al\/#organization"},"potentialAction":[{"@type":"SearchAction","target":{"@type":"EntryPoint","urlTemplate":"https:\/\/grafigaleria.al\/?s={search_term_string}"},"query-input":{"@type":"PropertyValueSpecification","valueRequired":true,"valueName":"search_term_string"}}],"inLanguage":"it-IT"},{"@type":"Organization","@id":"https:\/\/grafigaleria.al\/#organization","name":"Grafi Dentare Skaner 3D GALERIA","url":"https:\/\/grafigaleria.al\/","logo":{"@type":"ImageObject","inLanguage":"it-IT","@id":"https:\/\/grafigaleria.al\/#\/schema\/logo\/image\/","url":"https:\/\/grafigaleria.al\/wp-content\/uploads\/2021\/09\/logo-GALERIA-copy-web.png","contentUrl":"https:\/\/grafigaleria.al\/wp-content\/uploads\/2021\/09\/logo-GALERIA-copy-web.png","width":328,"height":100,"caption":"Grafi Dentare Skaner 3D GALERIA"},"image":{"@id":"https:\/\/grafigaleria.al\/#\/schema\/logo\/image\/"},"sameAs":["https:\/\/www.facebook.com\/GrafiDentareSkaner3DGaleria"]}]}},"_links":{"self":[{"href":"https:\/\/grafigaleria.al\/it\/wp-json\/wp\/v2\/pages\/673","targetHints":{"allow":["GET"]}}],"collection":[{"href":"https:\/\/grafigaleria.al\/it\/wp-json\/wp\/v2\/pages"}],"about":[{"href":"https:\/\/grafigaleria.al\/it\/wp-json\/wp\/v2\/types\/page"}],"author":[{"embeddable":true,"href":"https:\/\/grafigaleria.al\/it\/wp-json\/wp\/v2\/users\/1"}],"replies":[{"embeddable":true,"href":"https:\/\/grafigaleria.al\/it\/wp-json\/wp\/v2\/comments?post=673"}],"version-history":[{"count":7,"href":"https:\/\/grafigaleria.al\/it\/wp-json\/wp\/v2\/pages\/673\/revisions"}],"predecessor-version":[{"id":777,"href":"https:\/\/grafigaleria.al\/it\/wp-json\/wp\/v2\/pages\/673\/revisions\/777"}],"wp:attachment":[{"href":"https:\/\/grafigaleria.al\/it\/wp-json\/wp\/v2\/media?parent=673"}],"curies":[{"name":"wp","href":"https:\/\/api.w.org\/{rel}","templated":true}]}}